{"id":2953,"date":"2024-08-10T13:35:14","date_gmt":"2024-08-10T13:35:14","guid":{"rendered":"https:\/\/www.amoraopormenor.pt\/?post_type=product&#038;p=2953"},"modified":"2024-08-10T13:39:42","modified_gmt":"2024-08-10T13:39:42","slug":"2953","status":"publish","type":"product","link":"https:\/\/www.amoraopormenor.pt\/?product=2953","title":{"rendered":"Porta Alian\u00e7as Caixa"},"content":{"rendered":"","protected":false},"excerpt":{"rendered":"<p>Porta Alian\u00e7as em caixa de Madeira, com acabamento em serapilheira e renda ou com flores preservadas.<\/p>\n<p>Ao realizar a sua encomenda entraremos em contacto o mais breve poss\u00edvel para confirmar toda a informa\u00e7\u00e3o e personaliza\u00e7\u00e3o do seu produto.<\/p>\n<p>Pois uma vez que n\u00e3o existe devolu\u00e7\u00f5es dos nossos produtos, ser\u00e1 crucial a confirma\u00e7\u00e3o de todos os detalhes para que nada falhe e possamos iniciar a produ\u00e7\u00e3o.<\/p>\n","protected":false},"featured_media":2928,"template":"","meta":{"om_disable_all_campaigns":false,"_monsterinsights_skip_tracking":false,"_monsterinsights_sitenote_active":false,"_monsterinsights_sitenote_note":"","_monsterinsights_sitenote_category":0},"product_brand":[],"product_cat":[66],"product_tag":[],"class_list":{"0":"post-2953","1":"product","2":"type-product","3":"status-publish","4":"has-post-thumbnail","6":"product_cat-porta-aliancas","8":"first","9":"onbackorder","10":"shipping-taxable","11":"purchasable","12":"product-type-simple"},"aioseo_notices":[],"_links":{"self":[{"href":"https:\/\/www.amoraopormenor.pt\/index.php?rest_route=\/wp\/v2\/product\/2953","targetHints":{"allow":["GET"]}}],"collection":[{"href":"https:\/\/www.amoraopormenor.pt\/index.php?rest_route=\/wp\/v2\/product"}],"about":[{"href":"https:\/\/www.amoraopormenor.pt\/index.php?rest_route=\/wp\/v2\/types\/product"}],"wp:featuredmedia":[{"embeddable":true,"href":"https:\/\/www.amoraopormenor.pt\/index.php?rest_route=\/wp\/v2\/media\/2928"}],"wp:attachment":[{"href":"https:\/\/www.amoraopormenor.pt\/index.php?rest_route=%2Fwp%2Fv2%2Fmedia&parent=2953"}],"wp:term":[{"taxonomy":"product_brand","embeddable":true,"href":"https:\/\/www.amoraopormenor.pt\/index.php?rest_route=%2Fwp%2Fv2%2Fproduct_brand&post=2953"},{"taxonomy":"product_cat","embeddable":true,"href":"https:\/\/www.amoraopormenor.pt\/index.php?rest_route=%2Fwp%2Fv2%2Fproduct_cat&post=2953"},{"taxonomy":"product_tag","embeddable":true,"href":"https:\/\/www.amoraopormenor.pt\/index.php?rest_route=%2Fwp%2Fv2%2Fproduct_tag&post=2953"}],"curies":[{"name":"wp","href":"https:\/\/api.w.org\/{rel}","templated":true}]}}